{"id":798,"date":"2023-11-13T11:16:19","date_gmt":"2023-11-13T10:16:19","guid":{"rendered":"https:\/\/elecff.fr\/?page_id=798"},"modified":"2023-11-16T07:33:34","modified_gmt":"2023-11-16T06:33:34","slug":"nfc-15-100","status":"publish","type":"page","link":"https:\/\/elecff.fr\/index.php\/nfc-15-100\/","title":{"rendered":"NFC 15-100"},"content":{"rendered":"\t\t<div data-elementor-type=\"wp-page\" data-elementor-id=\"798\" class=\"elementor elementor-798\">\n\t\t\t\t<div class=\"elementor-element elementor-element-f47f8b1 e-flex e-con-boxed e-con e-parent\" data-id=\"f47f8b1\" data-element_type=\"container\" data-e-type=\"container\">\n\t\t\t\t\t<div class=\"e-con-inner\">\n\t\t\t\t<div class=\"elementor-element elementor-element-37770fb elementor-widget elementor-widget-heading\" data-id=\"37770fb\" data-element_type=\"widget\" data-e-type=\"widget\" data-widget_type=\"heading.default\">\n\t\t\t\t<div class=\"elementor-widget-container\">\n\t\t\t\t\t<h2 class=\"elementor-heading-title elementor-size-default\">NFC 15-100<\/h2>\t\t\t\t<\/div>\n\t\t\t\t<\/div>\n\t\t\t\t\t<\/div>\n\t\t\t\t<\/div>\n\t\t<div class=\"elementor-element elementor-element-8197810 e-con-full e-flex e-con e-parent\" data-id=\"8197810\" data-element_type=\"container\" data-e-type=\"container\">\n\t\t\t\t<div class=\"elementor-element elementor-element-ec3f017 elementor-widget elementor-widget-text-editor\" data-id=\"ec3f017\" data-element_type=\"widget\" data-e-type=\"widget\" data-widget_type=\"text-editor.default\">\n\t\t\t\t<div class=\"elementor-widget-container\">\n\t\t\t\t\t\t\t\t\t<p>La norme NF C 15-100 est la r\u00e9f\u00e9rence normative de tout \u00e9lectricien. Elle d\u00e9taille les caract\u00e9ristiques des installations \u00e9lectriques et les r\u00e8gles de mise en \u0153uvre. Les exigences de cette norme concernent aussi bien les installations neuves que celles qui sont enti\u00e8rement r\u00e9nov\u00e9es (mise en conformit\u00e9).<\/p><p>Vous trouverez le r\u00e9sum\u00e9 de cette norme en cliquant sur les principales marques de mat\u00e9riel \u00e9lectrique.<\/p>\t\t\t\t\t\t\t\t<\/div>\n\t\t\t\t<\/div>\n\t\t\t\t<\/div>\n\t\t<div class=\"elementor-element elementor-element-0de5c85 e-flex e-con-boxed e-con e-parent\" data-id=\"0de5c85\" data-element_type=\"container\" data-e-type=\"container\">\n\t\t\t\t\t<div class=\"e-con-inner\">\n\t\t\t\t<div class=\"elementor-element elementor-element-50de2c2 elementor-widget elementor-widget-image\" data-id=\"50de2c2\" data-element_type=\"widget\" data-e-type=\"widget\" data-widget_type=\"image.default\">\n\t\t\t\t<div class=\"elementor-widget-container\">\n\t\t\t\t\t\t\t\t\t\t\t\t\t\t\t\t<a href=\"http:\/\/elecff.fr\/wp-content\/uploads\/2023\/11\/guide-schneider.pdf\">\n\t\t\t\t\t\t\t<img decoding=\"async\" width=\"150\" height=\"150\" src=\"https:\/\/elecff.fr\/wp-content\/uploads\/2023\/11\/schneider-150x150.png\" class=\"attachment-thumbnail size-thumbnail wp-image-859\" alt=\"\" srcset=\"https:\/\/elecff.fr\/wp-content\/uploads\/2023\/11\/schneider-150x150.png 150w, https:\/\/elecff.fr\/wp-content\/uploads\/2023\/11\/schneider.png 225w\" sizes=\"(max-width: 150px) 100vw, 150px\" \/>\t\t\t\t\t\t\t\t<\/a>\n\t\t\t\t\t\t\t\t\t\t\t\t\t\t\t<\/div>\n\t\t\t\t<\/div>\n\t\t\t\t\t<\/div>\n\t\t\t\t<\/div>\n\t\t<div class=\"elementor-element elementor-element-f8f510f e-flex e-con-boxed e-con e-parent\" data-id=\"f8f510f\" data-element_type=\"container\" data-e-type=\"container\">\n\t\t\t\t\t<div class=\"e-con-inner\">\n\t\t\t\t<div class=\"elementor-element elementor-element-59d2f01 elementor-widget elementor-widget-image\" data-id=\"59d2f01\" data-element_type=\"widget\" data-e-type=\"widget\" data-widget_type=\"image.default\">\n\t\t\t\t<div class=\"elementor-widget-container\">\n\t\t\t\t\t\t\t\t\t\t\t\t\t\t\t\t<a href=\"http:\/\/elecff.fr\/wp-content\/uploads\/2023\/11\/guide-legrand.pdf\">\n\t\t\t\t\t\t\t<img decoding=\"async\" width=\"150\" height=\"150\" src=\"https:\/\/elecff.fr\/wp-content\/uploads\/2023\/11\/legrand-150x150.png\" class=\"attachment-thumbnail size-thumbnail wp-image-863\" alt=\"\" srcset=\"https:\/\/elecff.fr\/wp-content\/uploads\/2023\/11\/legrand-150x150.png 150w, https:\/\/elecff.fr\/wp-content\/uploads\/2023\/11\/legrand.png 225w\" sizes=\"(max-width: 150px) 100vw, 150px\" \/>\t\t\t\t\t\t\t\t<\/a>\n\t\t\t\t\t\t\t\t\t\t\t\t\t\t\t<\/div>\n\t\t\t\t<\/div>\n\t\t\t\t\t<\/div>\n\t\t\t\t<\/div>\n\t\t<div class=\"elementor-element elementor-element-cc68719 e-flex e-con-boxed e-con e-parent\" data-id=\"cc68719\" data-element_type=\"container\" data-e-type=\"container\">\n\t\t\t\t\t<div class=\"e-con-inner\">\n\t\t\t\t<div class=\"elementor-element elementor-element-7988de7 elementor-widget elementor-widget-image\" data-id=\"7988de7\" data-element_type=\"widget\" data-e-type=\"widget\" data-widget_type=\"image.default\">\n\t\t\t\t<div class=\"elementor-widget-container\">\n\t\t\t\t\t\t\t\t\t\t\t\t\t\t\t\t<a href=\"http:\/\/elecff.fr\/wp-content\/uploads\/2023\/11\/guide-hager.pdf\">\n\t\t\t\t\t\t\t<img decoding=\"async\" width=\"150\" height=\"150\" src=\"https:\/\/elecff.fr\/wp-content\/uploads\/2023\/11\/hager-1-150x150.png\" class=\"attachment-thumbnail size-thumbnail wp-image-871\" alt=\"\" srcset=\"https:\/\/elecff.fr\/wp-content\/uploads\/2023\/11\/hager-1-150x150.png 150w, https:\/\/elecff.fr\/wp-content\/uploads\/2023\/11\/hager-1.png 225w\" sizes=\"(max-width: 150px) 100vw, 150px\" \/>\t\t\t\t\t\t\t\t<\/a>\n\t\t\t\t\t\t\t\t\t\t\t\t\t\t\t<\/div>\n\t\t\t\t<\/div>\n\t\t\t\t\t<\/div>\n\t\t\t\t<\/div>\n\t\t\t\t<\/div>\n\t\t","protected":false},"excerpt":{"rendered":"<p>NFC 15-100 La norme NF C 15-100 est la r\u00e9f\u00e9rence normative de tout \u00e9lectricien. Elle d\u00e9taille les caract\u00e9ristiques des installations \u00e9lectriques et les r\u00e8gles de mise en \u0153uvre. Les exigences de cette norme concernent aussi bien les installations neuves que celles qui sont enti\u00e8rement r\u00e9nov\u00e9es (mise en conformit\u00e9). Vous trouverez le r\u00e9sum\u00e9 de cette norme [&hellip;]<\/p>\n","protected":false},"author":1,"featured_media":0,"parent":0,"menu_order":0,"comment_status":"closed","ping_status":"closed","template":"","meta":{"ocean_post_layout":"","ocean_both_sidebars_style":"","ocean_both_sidebars_content_width":0,"ocean_both_sidebars_sidebars_width":0,"ocean_sidebar":"","ocean_second_sidebar":"","ocean_disable_margins":"enable","ocean_add_body_class":"","ocean_shortcode_before_top_bar":"","ocean_shortcode_after_top_bar":"","ocean_shortcode_before_header":"","ocean_shortcode_after_header":"","ocean_has_shortcode":"","ocean_shortcode_after_title":"","ocean_shortcode_before_footer_widgets":"","ocean_shortcode_after_footer_widgets":"","ocean_shortcode_before_footer_bottom":"","ocean_shortcode_after_footer_bottom":"","ocean_display_top_bar":"default","ocean_display_header":"default","ocean_header_style":"","ocean_center_header_left_menu":"","ocean_custom_header_template":"","ocean_custom_logo":0,"ocean_custom_retina_logo":0,"ocean_custom_logo_max_width":0,"ocean_custom_logo_tablet_max_width":0,"ocean_custom_logo_mobile_max_width":0,"ocean_custom_logo_max_height":0,"ocean_custom_logo_tablet_max_height":0,"ocean_custom_logo_mobile_max_height":0,"ocean_header_custom_menu":"","ocean_menu_typo_font_family":"","ocean_menu_typo_font_subset":"","ocean_menu_typo_font_size":0,"ocean_menu_typo_font_size_tablet":0,"ocean_menu_typo_font_size_mobile":0,"ocean_menu_typo_font_size_unit":"px","ocean_menu_typo_font_weight":"","ocean_menu_typo_font_weight_tablet":"","ocean_menu_typo_font_weight_mobile":"","ocean_menu_typo_transform":"","ocean_menu_typo_transform_tablet":"","ocean_menu_typo_transform_mobile":"","ocean_menu_typo_line_height":0,"ocean_menu_typo_line_height_tablet":0,"ocean_menu_typo_line_height_mobile":0,"ocean_menu_typo_line_height_unit":"","ocean_menu_typo_spacing":0,"ocean_menu_typo_spacing_tablet":0,"ocean_menu_typo_spacing_mobile":0,"ocean_menu_typo_spacing_unit":"","ocean_menu_link_color":"","ocean_menu_link_color_hover":"","ocean_menu_link_color_active":"","ocean_menu_link_background":"","ocean_menu_link_hover_background":"","ocean_menu_link_active_background":"","ocean_menu_social_links_bg":"","ocean_menu_social_hover_links_bg":"","ocean_menu_social_links_color":"","ocean_menu_social_hover_links_color":"","ocean_disable_title":"default","ocean_disable_heading":"default","ocean_post_title":"","ocean_post_subheading":"","ocean_post_title_style":"","ocean_post_title_background_color":"","ocean_post_title_background":0,"ocean_post_title_bg_image_position":"","ocean_post_title_bg_image_attachment":"","ocean_post_title_bg_image_repeat":"","ocean_post_title_bg_image_size":"","ocean_post_title_height":0,"ocean_post_title_bg_overlay":0.5,"ocean_post_title_bg_overlay_color":"","ocean_disable_breadcrumbs":"default","ocean_breadcrumbs_color":"","ocean_breadcrumbs_separator_color":"","ocean_breadcrumbs_links_color":"","ocean_breadcrumbs_links_hover_color":"","ocean_display_footer_widgets":"default","ocean_display_footer_bottom":"default","ocean_custom_footer_template":"","footnotes":""},"class_list":["post-798","page","type-page","status-publish","hentry","entry"],"yoast_head":"<!-- This site is optimized with the Yoast SEO plugin v27.4 - https:\/\/yoast.com\/product\/yoast-seo-wordpress\/ -->\n<title>NFC 15-100 - Electricit\u00e9 Franck Fressingeas<\/title>\n<meta name=\"robots\" content=\"index, follow, max-snippet:-1, max-image-preview:large, max-video-preview:-1\" \/>\n<link rel=\"canonical\" href=\"https:\/\/elecff.fr\/index.php\/nfc-15-100\/\" \/>\n<meta property=\"og:locale\" content=\"fr_FR\" \/>\n<meta property=\"og:type\" content=\"article\" \/>\n<meta property=\"og:title\" content=\"NFC 15-100 - Electricit\u00e9 Franck Fressingeas\" \/>\n<meta property=\"og:description\" content=\"NFC 15-100 La norme NF C 15-100 est la r\u00e9f\u00e9rence normative de tout \u00e9lectricien. Elle d\u00e9taille les caract\u00e9ristiques des installations \u00e9lectriques et les r\u00e8gles de mise en \u0153uvre. Les exigences de cette norme concernent aussi bien les installations neuves que celles qui sont enti\u00e8rement r\u00e9nov\u00e9es (mise en conformit\u00e9). Vous trouverez le r\u00e9sum\u00e9 de cette norme [&hellip;]\" \/>\n<meta property=\"og:url\" content=\"https:\/\/elecff.fr\/index.php\/nfc-15-100\/\" \/>\n<meta property=\"og:site_name\" content=\"Electricit\u00e9 Franck Fressingeas\" \/>\n<meta property=\"article:modified_time\" content=\"2023-11-16T06:33:34+00:00\" \/>\n<meta property=\"og:image\" content=\"http:\/\/elecff.fr\/wp-content\/uploads\/2023\/11\/schneider-150x150.png\" \/>\n<meta name=\"twitter:card\" content=\"summary_large_image\" \/>\n<meta name=\"twitter:label1\" content=\"Dur\u00e9e de lecture estim\u00e9e\" \/>\n\t<meta name=\"twitter:data1\" content=\"1 minute\" \/>\n<script type=\"application\/ld+json\" class=\"yoast-schema-graph\">{\"@context\":\"https:\\\/\\\/schema.org\",\"@graph\":[{\"@type\":\"WebPage\",\"@id\":\"https:\\\/\\\/elecff.fr\\\/index.php\\\/nfc-15-100\\\/\",\"url\":\"https:\\\/\\\/elecff.fr\\\/index.php\\\/nfc-15-100\\\/\",\"name\":\"NFC 15-100 - Electricit\u00e9 Franck Fressingeas\",\"isPartOf\":{\"@id\":\"https:\\\/\\\/elecff.fr\\\/#website\"},\"primaryImageOfPage\":{\"@id\":\"https:\\\/\\\/elecff.fr\\\/index.php\\\/nfc-15-100\\\/#primaryimage\"},\"image\":{\"@id\":\"https:\\\/\\\/elecff.fr\\\/index.php\\\/nfc-15-100\\\/#primaryimage\"},\"thumbnailUrl\":\"http:\\\/\\\/elecff.fr\\\/wp-content\\\/uploads\\\/2023\\\/11\\\/schneider-150x150.png\",\"datePublished\":\"2023-11-13T10:16:19+00:00\",\"dateModified\":\"2023-11-16T06:33:34+00:00\",\"breadcrumb\":{\"@id\":\"https:\\\/\\\/elecff.fr\\\/index.php\\\/nfc-15-100\\\/#breadcrumb\"},\"inLanguage\":\"fr-FR\",\"potentialAction\":[{\"@type\":\"ReadAction\",\"target\":[\"https:\\\/\\\/elecff.fr\\\/index.php\\\/nfc-15-100\\\/\"]}]},{\"@type\":\"ImageObject\",\"inLanguage\":\"fr-FR\",\"@id\":\"https:\\\/\\\/elecff.fr\\\/index.php\\\/nfc-15-100\\\/#primaryimage\",\"url\":\"https:\\\/\\\/elecff.fr\\\/wp-content\\\/uploads\\\/2023\\\/11\\\/schneider.png\",\"contentUrl\":\"https:\\\/\\\/elecff.fr\\\/wp-content\\\/uploads\\\/2023\\\/11\\\/schneider.png\",\"width\":225,\"height\":225},{\"@type\":\"BreadcrumbList\",\"@id\":\"https:\\\/\\\/elecff.fr\\\/index.php\\\/nfc-15-100\\\/#breadcrumb\",\"itemListElement\":[{\"@type\":\"ListItem\",\"position\":1,\"name\":\"Accueil\",\"item\":\"https:\\\/\\\/elecff.fr\\\/\"},{\"@type\":\"ListItem\",\"position\":2,\"name\":\"NFC 15-100\"}]},{\"@type\":\"WebSite\",\"@id\":\"https:\\\/\\\/elecff.fr\\\/#website\",\"url\":\"https:\\\/\\\/elecff.fr\\\/\",\"name\":\"Electricit\u00e9 Franck Fressingeas\",\"description\":\"Un seul interlocuteur pour vous conseiller et assurer le suivi de votre chantier.\",\"publisher\":{\"@id\":\"https:\\\/\\\/elecff.fr\\\/#organization\"},\"potentialAction\":[{\"@type\":\"SearchAction\",\"target\":{\"@type\":\"EntryPoint\",\"urlTemplate\":\"https:\\\/\\\/elecff.fr\\\/?s={search_term_string}\"},\"query-input\":{\"@type\":\"PropertyValueSpecification\",\"valueRequired\":true,\"valueName\":\"search_term_string\"}}],\"inLanguage\":\"fr-FR\"},{\"@type\":\"Organization\",\"@id\":\"https:\\\/\\\/elecff.fr\\\/#organization\",\"name\":\"Electricit\u00e9 Franck Fressingeas\",\"url\":\"https:\\\/\\\/elecff.fr\\\/\",\"logo\":{\"@type\":\"ImageObject\",\"inLanguage\":\"fr-FR\",\"@id\":\"https:\\\/\\\/elecff.fr\\\/#\\\/schema\\\/logo\\\/image\\\/\",\"url\":\"https:\\\/\\\/elecff.fr\\\/wp-content\\\/uploads\\\/2023\\\/11\\\/cropped-logop.png\",\"contentUrl\":\"https:\\\/\\\/elecff.fr\\\/wp-content\\\/uploads\\\/2023\\\/11\\\/cropped-logop.png\",\"width\":752,\"height\":291,\"caption\":\"Electricit\u00e9 Franck Fressingeas\"},\"image\":{\"@id\":\"https:\\\/\\\/elecff.fr\\\/#\\\/schema\\\/logo\\\/image\\\/\"}}]}<\/script>\n<!-- \/ Yoast SEO plugin. -->","yoast_head_json":{"title":"NFC 15-100 - Electricit\u00e9 Franck Fressingeas","robots":{"index":"index","follow":"follow","max-snippet":"max-snippet:-1","max-image-preview":"max-image-preview:large","max-video-preview":"max-video-preview:-1"},"canonical":"https:\/\/elecff.fr\/index.php\/nfc-15-100\/","og_locale":"fr_FR","og_type":"article","og_title":"NFC 15-100 - Electricit\u00e9 Franck Fressingeas","og_description":"NFC 15-100 La norme NF C 15-100 est la r\u00e9f\u00e9rence normative de tout \u00e9lectricien. Elle d\u00e9taille les caract\u00e9ristiques des installations \u00e9lectriques et les r\u00e8gles de mise en \u0153uvre. Les exigences de cette norme concernent aussi bien les installations neuves que celles qui sont enti\u00e8rement r\u00e9nov\u00e9es (mise en conformit\u00e9). Vous trouverez le r\u00e9sum\u00e9 de cette norme [&hellip;]","og_url":"https:\/\/elecff.fr\/index.php\/nfc-15-100\/","og_site_name":"Electricit\u00e9 Franck Fressingeas","article_modified_time":"2023-11-16T06:33:34+00:00","og_image":[{"url":"http:\/\/elecff.fr\/wp-content\/uploads\/2023\/11\/schneider-150x150.png","type":"","width":"","height":""}],"twitter_card":"summary_large_image","twitter_misc":{"Dur\u00e9e de lecture estim\u00e9e":"1 minute"},"schema":{"@context":"https:\/\/schema.org","@graph":[{"@type":"WebPage","@id":"https:\/\/elecff.fr\/index.php\/nfc-15-100\/","url":"https:\/\/elecff.fr\/index.php\/nfc-15-100\/","name":"NFC 15-100 - Electricit\u00e9 Franck Fressingeas","isPartOf":{"@id":"https:\/\/elecff.fr\/#website"},"primaryImageOfPage":{"@id":"https:\/\/elecff.fr\/index.php\/nfc-15-100\/#primaryimage"},"image":{"@id":"https:\/\/elecff.fr\/index.php\/nfc-15-100\/#primaryimage"},"thumbnailUrl":"http:\/\/elecff.fr\/wp-content\/uploads\/2023\/11\/schneider-150x150.png","datePublished":"2023-11-13T10:16:19+00:00","dateModified":"2023-11-16T06:33:34+00:00","breadcrumb":{"@id":"https:\/\/elecff.fr\/index.php\/nfc-15-100\/#breadcrumb"},"inLanguage":"fr-FR","potentialAction":[{"@type":"ReadAction","target":["https:\/\/elecff.fr\/index.php\/nfc-15-100\/"]}]},{"@type":"ImageObject","inLanguage":"fr-FR","@id":"https:\/\/elecff.fr\/index.php\/nfc-15-100\/#primaryimage","url":"https:\/\/elecff.fr\/wp-content\/uploads\/2023\/11\/schneider.png","contentUrl":"https:\/\/elecff.fr\/wp-content\/uploads\/2023\/11\/schneider.png","width":225,"height":225},{"@type":"BreadcrumbList","@id":"https:\/\/elecff.fr\/index.php\/nfc-15-100\/#breadcrumb","itemListElement":[{"@type":"ListItem","position":1,"name":"Accueil","item":"https:\/\/elecff.fr\/"},{"@type":"ListItem","position":2,"name":"NFC 15-100"}]},{"@type":"WebSite","@id":"https:\/\/elecff.fr\/#website","url":"https:\/\/elecff.fr\/","name":"Electricit\u00e9 Franck Fressingeas","description":"Un seul interlocuteur pour vous conseiller et assurer le suivi de votre chantier.","publisher":{"@id":"https:\/\/elecff.fr\/#organization"},"potentialAction":[{"@type":"SearchAction","target":{"@type":"EntryPoint","urlTemplate":"https:\/\/elecff.fr\/?s={search_term_string}"},"query-input":{"@type":"PropertyValueSpecification","valueRequired":true,"valueName":"search_term_string"}}],"inLanguage":"fr-FR"},{"@type":"Organization","@id":"https:\/\/elecff.fr\/#organization","name":"Electricit\u00e9 Franck Fressingeas","url":"https:\/\/elecff.fr\/","logo":{"@type":"ImageObject","inLanguage":"fr-FR","@id":"https:\/\/elecff.fr\/#\/schema\/logo\/image\/","url":"https:\/\/elecff.fr\/wp-content\/uploads\/2023\/11\/cropped-logop.png","contentUrl":"https:\/\/elecff.fr\/wp-content\/uploads\/2023\/11\/cropped-logop.png","width":752,"height":291,"caption":"Electricit\u00e9 Franck Fressingeas"},"image":{"@id":"https:\/\/elecff.fr\/#\/schema\/logo\/image\/"}}]}},"_links":{"self":[{"href":"https:\/\/elecff.fr\/index.php\/wp-json\/wp\/v2\/pages\/798","targetHints":{"allow":["GET"]}}],"collection":[{"href":"https:\/\/elecff.fr\/index.php\/wp-json\/wp\/v2\/pages"}],"about":[{"href":"https:\/\/elecff.fr\/index.php\/wp-json\/wp\/v2\/types\/page"}],"author":[{"embeddable":true,"href":"https:\/\/elecff.fr\/index.php\/wp-json\/wp\/v2\/users\/1"}],"replies":[{"embeddable":true,"href":"https:\/\/elecff.fr\/index.php\/wp-json\/wp\/v2\/comments?post=798"}],"version-history":[{"count":22,"href":"https:\/\/elecff.fr\/index.php\/wp-json\/wp\/v2\/pages\/798\/revisions"}],"predecessor-version":[{"id":1029,"href":"https:\/\/elecff.fr\/index.php\/wp-json\/wp\/v2\/pages\/798\/revisions\/1029"}],"wp:attachment":[{"href":"https:\/\/elecff.fr\/index.php\/wp-json\/wp\/v2\/media?parent=798"}],"curies":[{"name":"wp","href":"https:\/\/api.w.org\/{rel}","templated":true}]}}